{"id":2,"date":"2013-11-06T11:55:36","date_gmt":"2013-11-06T11:55:36","guid":{"rendered":"http:\/\/respalservice.cl\/web2\/?page_id=2"},"modified":"2014-04-27T05:57:03","modified_gmt":"2014-04-27T05:57:03","slug":"pagina-ejemplo","status":"publish","type":"page","link":"http:\/\/respalservice.cl\/web2\/","title":{"rendered":"Inicio"},"content":{"rendered":"<p style=\"text-align: left;\">[easingsliderlite]<\/p>\n<p style=\"text-align: left;\">Nuestra empresa esta dedicada a proveer de Insumos Mineros y Servicios Hidr\u00e1ulicos, mano de Obra en Terreno y la Fabricaci\u00f3n de Fuelles especiales, para proteger los equipos hidr\u00e1ulicos o equipos de Medici\u00f3n. Brindamos los servicios de mantenci\u00f3n, reparaci\u00f3n e innovaci\u00f3n a equipos, efectuados por personal calificado y t\u00e9cnicos, quienes trabajan con est\u00e1ndares de Eficiencia y Calidad.<\/p>\n<p style=\"text-align: justify;\">Ofrecemos los Siguientes Servicios:<\/p>\n<ul style=\"text-align: justify;\">\n<li><b>Obras Civiles<\/b>: Montaje de Ventiladores, Ampliaci\u00f3n y Remodelaci\u00f3n de Oficinas, Confecci\u00f3n de Piscinas de Drenaje.<\/li>\n<li><b>Servicios El\u00e9ctricos<\/b>: Tendido de Cables el\u00e9ctricos, Instalaciones de Subestaciones, Instalaci\u00f3n de Alumbrado, Instalaciones de Ventiladores.<\/li>\n<li><b>\u00c1rea Planta<\/b>: Alineamiento de Equipos, reparaciones de Compresores, Aseo Industrial, Pintura Industrial, Montajes Industriales.<\/li>\n<li><b>\u00c1rea Hidr\u00e1ulica<\/b>: Reparaci\u00f3n integral de equipos de movimiento de tierra, reparaciones de componentes hidr\u00e1ulicos de equipos mineros y planta, Servicio en Terreno, con t\u00e9cnicos especialistas en equipos mineros.<\/li>\n<li><b>Contratos de Servicios<\/b>: Mantenimiento de Correas Transportadoras (cambio de polines, raspadores, alineamiento de mesas,protecciones)<\/li>\n<li><b>Fabricaci\u00f3n<\/b>: Fuelles especiales con materiales de alta durabilidad, confecci\u00f3n de acuerdo a cada equipo de terreno.<\/li>\n<li><b>Ferreter\u00eda Industrial<\/b>: Ofrecemos una variada linea de Herramientas y productos especiales, Seguridad y equipamiento.<\/li>\n<\/ul>\n<div style=\"text-align: justify;\" align=\"center\"><\/div>\n<p style=\"text-align: justify;\">Esperando ser uno de sus proveedores y ofrecerles toda nuestra l\u00ednea de servicios ofrecidos.<\/p>\n","protected":false},"excerpt":{"rendered":"<p>[easingsliderlite] Nuestra empresa esta dedicada a proveer de Insumos Mineros y Servicios Hidr\u00e1ulicos, mano de Obra en Terreno y la Fabricaci\u00f3n de Fuelles especiales, para proteger los equipos hidr\u00e1ulicos o equipos de Medici\u00f3n. Brindamos los servicios de mantenci\u00f3n, reparaci\u00f3n e innovaci\u00f3n a equipos, efectuados por<\/p>\n","protected":false},"author":1,"featured_media":0,"parent":0,"menu_order":0,"comment_status":"closed","ping_status":"closed","template":"","meta":{"ngg_post_thumbnail":0,"footnotes":""},"class_list":["post-2","page","type-page","status-publish","hentry"],"_links":{"self":[{"href":"http:\/\/respalservice.cl\/web2\/wp-json\/wp\/v2\/pages\/2","targetHints":{"allow":["GET"]}}],"collection":[{"href":"http:\/\/respalservice.cl\/web2\/wp-json\/wp\/v2\/pages"}],"about":[{"href":"http:\/\/respalservice.cl\/web2\/wp-json\/wp\/v2\/types\/page"}],"author":[{"embeddable":true,"href":"http:\/\/respalservice.cl\/web2\/wp-json\/wp\/v2\/users\/1"}],"replies":[{"embeddable":true,"href":"http:\/\/respalservice.cl\/web2\/wp-json\/wp\/v2\/comments?post=2"}],"version-history":[{"count":8,"href":"http:\/\/respalservice.cl\/web2\/wp-json\/wp\/v2\/pages\/2\/revisions"}],"predecessor-version":[{"id":255,"href":"http:\/\/respalservice.cl\/web2\/wp-json\/wp\/v2\/pages\/2\/revisions\/255"}],"wp:attachment":[{"href":"http:\/\/respalservice.cl\/web2\/wp-json\/wp\/v2\/media?parent=2"}],"curies":[{"name":"wp","href":"https:\/\/api.w.org\/{rel}","templated":true}]}}