{"id":215,"date":"2014-04-07T02:19:37","date_gmt":"2014-04-07T02:19:37","guid":{"rendered":"http:\/\/respalservice.cl\/web2\/?page_id=215"},"modified":"2014-05-02T00:58:25","modified_gmt":"2014-05-02T00:58:25","slug":"catalogos","status":"publish","type":"page","link":"http:\/\/respalservice.cl\/web2\/catalogos\/","title":{"rendered":"Cat\u00e1logos"},"content":{"rendered":"<p>Desde aqu\u00ed podr\u00e1n descargar los cat\u00e1logos de productos para su revisi\u00f3n<\/p>\n<table border=\"0\">\n<tbody>\n<tr>\n<td><a href=\"http:\/\/respalservice.cl\/web2\/wp-content\/uploads\/2014\/04\/logo-bernstein.jpg\"><img loading=\"lazy\" decoding=\"async\" class=\"alignleft size-full wp-image-218\" alt=\"logo-bernstein\" src=\"http:\/\/respalservice.cl\/web2\/wp-content\/uploads\/2014\/04\/logo-bernstein.jpg\" width=\"250\" height=\"100\" \/><\/a><\/td>\n<td><a href=\"http:\/\/www.respalservice.cl\/descargas\/bersntein.pdf\" target=\"_blank\"><img loading=\"lazy\" decoding=\"async\" class=\"size-full wp-image-221 aligncenter\" alt=\"boton descargar\" src=\"http:\/\/respalservice.cl\/web2\/wp-content\/uploads\/2014\/04\/boton-descargar.jpg\" width=\"150\" height=\"40\" \/><\/a><\/td>\n<\/tr>\n<tr>\n<td><\/td>\n<td><\/td>\n<\/tr>\n<tr>\n<td><a href=\"http:\/\/respalservice.cl\/web2\/wp-content\/uploads\/2014\/04\/logo-wiha.jpg\"><img loading=\"lazy\" decoding=\"async\" class=\"alignleft size-full wp-image-220\" alt=\"logo-wiha\" src=\"http:\/\/respalservice.cl\/web2\/wp-content\/uploads\/2014\/04\/logo-wiha.jpg\" width=\"250\" height=\"100\" \/><\/a><\/td>\n<td><a href=\"http:\/\/www.respalservice.cl\/descargas\/wiha.pdf\" target=\"_blank\"><img decoding=\"async\" class=\"aligncenter\" alt=\"boton descargar\" src=\"http:\/\/respalservice.cl\/web2\/wp-content\/uploads\/2014\/04\/boton-descargar.jpg\" \/><\/a><\/td>\n<\/tr>\n<tr>\n<td><\/td>\n<td><\/td>\n<\/tr>\n<tr>\n<td><a href=\"http:\/\/respalservice.cl\/web2\/wp-content\/uploads\/2014\/04\/logo-cramolin.jpg\"><img loading=\"lazy\" decoding=\"async\" class=\"alignleft size-full wp-image-219\" alt=\"logo-cramolin\" src=\"http:\/\/respalservice.cl\/web2\/wp-content\/uploads\/2014\/04\/logo-cramolin.jpg\" width=\"250\" height=\"100\" \/><\/a><\/td>\n<td><a href=\"http:\/\/www.respalservice.cl\/descargas\/cramolin.pdf\" target=\"_blank\"><img decoding=\"async\" class=\"aligncenter\" alt=\"boton descargar\" src=\"http:\/\/respalservice.cl\/web2\/wp-content\/uploads\/2014\/04\/boton-descargar.jpg\" \/><\/a><\/td>\n<\/tr>\n<tr>\n<td><\/td>\n<td><\/td>\n<\/tr>\n<tr>\n<td><a href=\"http:\/\/respalservice.cl\/web2\/wp-content\/uploads\/2014\/04\/logo-amprobe.jpg\"><img loading=\"lazy\" decoding=\"async\" class=\"alignleft size-full wp-image-217\" alt=\"logo-amprobe\" src=\"http:\/\/respalservice.cl\/web2\/wp-content\/uploads\/2014\/04\/logo-amprobe.jpg\" width=\"250\" height=\"100\" \/><\/a><\/td>\n<td style=\"text-align: center;\"><a href=\"http:\/\/www.respalservice.cl\/descargas\/amprobe.pdf\" target=\"_blank\"><img loading=\"lazy\" decoding=\"async\" alt=\"boton descargar\" src=\"http:\/\/respalservice.cl\/web2\/wp-content\/uploads\/2014\/04\/boton-descargar.jpg\" width=\"150\" height=\"40\" \/><\/a><\/td>\n<\/tr>\n<tr>\n<td><img loading=\"lazy\" decoding=\"async\" alt=\"\" src=\"http:\/\/www.thehoseshop.com\/site\/1744theh\/bva.png\" width=\"250\" height=\"100\" \/><\/td>\n<td><a href=\"http:\/\/www.respalservice.cl\/descargas\/bva.pdf\" target=\"_blank\"><img decoding=\"async\" class=\"aligncenter\" alt=\"boton descargar\" src=\"http:\/\/respalservice.cl\/web2\/wp-content\/uploads\/2014\/04\/boton-descargar.jpg\" \/><\/a><\/td>\n<\/tr>\n<\/tbody>\n<\/table>\n","protected":false},"excerpt":{"rendered":"<p>Desde aqu\u00ed podr\u00e1n descargar los cat\u00e1logos de productos para su revisi\u00f3n<\/p>\n","protected":false},"author":2,"featured_media":0,"parent":0,"menu_order":7,"comment_status":"closed","ping_status":"closed","template":"","meta":{"ngg_post_thumbnail":0,"footnotes":""},"class_list":["post-215","page","type-page","status-publish","hentry"],"_links":{"self":[{"href":"http:\/\/respalservice.cl\/web2\/wp-json\/wp\/v2\/pages\/215","targetHints":{"allow":["GET"]}}],"collection":[{"href":"http:\/\/respalservice.cl\/web2\/wp-json\/wp\/v2\/pages"}],"about":[{"href":"http:\/\/respalservice.cl\/web2\/wp-json\/wp\/v2\/types\/page"}],"author":[{"embeddable":true,"href":"http:\/\/respalservice.cl\/web2\/wp-json\/wp\/v2\/users\/2"}],"replies":[{"embeddable":true,"href":"http:\/\/respalservice.cl\/web2\/wp-json\/wp\/v2\/comments?post=215"}],"version-history":[{"count":5,"href":"http:\/\/respalservice.cl\/web2\/wp-json\/wp\/v2\/pages\/215\/revisions"}],"predecessor-version":[{"id":256,"href":"http:\/\/respalservice.cl\/web2\/wp-json\/wp\/v2\/pages\/215\/revisions\/256"}],"wp:attachment":[{"href":"http:\/\/respalservice.cl\/web2\/wp-json\/wp\/v2\/media?parent=215"}],"curies":[{"name":"wp","href":"https:\/\/api.w.org\/{rel}","templated":true}]}}